{"id":715,"date":"2024-02-27T18:26:01","date_gmt":"2024-02-27T17:26:01","guid":{"rendered":"https:\/\/tagd.ai\/underbitraden\/"},"modified":"2026-02-23T10:53:36","modified_gmt":"2026-02-23T09:53:36","slug":"underbitraden","status":"publish","type":"page","link":"https:\/\/tagd.ai\/sv\/underbitraden\/","title":{"rendered":"Underbitr\u00e4den"},"content":{"rendered":"<section class=\"l-section wpb_row height_medium width_full with_img parallax_fixed\"><div class=\"l-section-img\" role=\"img\" aria-label=\"Bild\" data-img-width=\"512\" data-img-height=\"630\" style=\"background-image: url(https:\/\/tagd.ai\/wp-content\/uploads\/2024\/02\/sub-processors-bg.png);background-position: bottom right;background-repeat: no-repeat;background-size: auto;\"><\/div><div class=\"l-section-h i-cf\"><div class=\"g-cols vc_row via_grid cols_1-4-1 laptops-cols_inherit tablets-cols_inherit mobiles-cols_1 valign_top type_default stacking_default\"><div class=\"wpb_column vc_column_container\"><div class=\"vc_column-inner\"><\/div><\/div><div class=\"wpb_column vc_column_container us_custom_6a34fa98 has_bg_color\"><div class=\"vc_column-inner\"><div class=\"wpb_text_column\"><div class=\"wpb_wrapper\"><h1><span class=\"hli\">Underbitr\u00e4den<\/span><\/h1>\n<\/div><\/div><div class=\"w-separator size_medium with_line width_default thick_1 style_solid color_border align_center\"><div class=\"w-separator-h\"><\/div><\/div><div class=\"wpb_text_column\"><div class=\"wpb_wrapper\"><h2>Tagd AI app<\/h2>\n<\/div><\/div><div class=\"w-separator size_small\"><\/div><div class=\"g-cols wpb_row via_grid cols_2 laptops-cols_inherit tablets-cols_inherit mobiles-cols_1 valign_top type_default stacking_default\" style=\"--columns-gap:3rem;\"><div class=\"wpb_column vc_column_container\"><div class=\"vc_column-inner\"><div class=\"wpb_text_column\"><div class=\"wpb_wrapper\"><h3>Amazon Web Services EMEA SARL<\/h3>\n<p><strong>Plats:<\/strong> EU<\/p>\n<p><strong>Definition:<\/strong> Hosting-leverant\u00f6r (Public Cloud)<\/p>\n<h3>Microsoft Corporation<\/h3>\n<p><strong>Plats:<\/strong> <span>Sverige<\/span><\/p>\n<p><strong>Definition:<\/strong> <span>Azure OpenAI Service hostad i region: Sweden Central<\/span><\/p>\n<p><strong>Not:<\/strong> Valfritt, g\u00e4ller endast kunder som anv\u00e4nder AI-extrahering.<\/p>\n<\/div><\/div><\/div><\/div><div class=\"wpb_column vc_column_container\"><div class=\"vc_column-inner\"><div class=\"wpb_text_column\"><div class=\"wpb_wrapper\"><h3>Brevo<\/h3>\n<p><strong>Plats:<\/strong> Frankrike<\/p>\n<p><strong>Definition:<\/strong> E-posttj\u00e4nst<\/p>\n<h3>Gleap GmbH<\/h3>\n<p><strong>Plats:<\/strong> Tyskland \/ \u00d6sterrike<\/p>\n<p><strong>Definition:<\/strong> Kundfeedback och bugrapporteringsverktyg<\/p>\n<h3>Mistral AI<\/h3>\n<p><strong>Plats:<\/strong> EU<\/p>\n<p><strong>Definition:<\/strong> Mistral OCR (Le Plateforme)<\/p>\n<\/div><\/div><\/div><\/div><\/div><div class=\"w-separator size_medium with_line width_default thick_1 style_solid color_border align_center\"><div class=\"w-separator-h\"><\/div><\/div><div class=\"wpb_text_column\"><div class=\"wpb_wrapper\"><h2>Support<\/h2>\n<p>Tagd anv\u00e4nder f\u00f6ljande supportleverant\u00f6rer f\u00f6r att tillhandah\u00e5lla support till kunder som kontaktar oss via telefon och e-post.<\/p>\n<\/div><\/div><div class=\"w-separator size_small\"><\/div><div class=\"g-cols wpb_row via_grid cols_1 laptops-cols_inherit tablets-cols_inherit mobiles-cols_1 valign_top type_default stacking_default\" style=\"--columns-gap:3rem;\"><div class=\"wpb_column vc_column_container\"><div class=\"vc_column-inner\"><div class=\"wpb_text_column\"><div class=\"wpb_wrapper\"><h4>Google Ireland Limited<\/h4>\n<p><strong>Plats:<\/strong> EU<\/p>\n<p><strong>Definition:<\/strong> E-posttj\u00e4nst, supportformul\u00e4r<\/p>\n<\/div><\/div><\/div><\/div><\/div><\/div><\/div><div class=\"wpb_column vc_column_container\"><div class=\"vc_column-inner\"><\/div><\/div><\/div><\/div><\/section>\n","protected":false},"excerpt":{"rendered":"Underbitr\u00e4den Tagd AI app Amazon Web Services EMEA SARL Plats: EU Definition: Hosting-leverant\u00f6r (Public Cloud) Microsoft Corporation Plats: Sverige Definition: Azure OpenAI Service hostad i region: Sweden Central Not: Valfritt, g\u00e4ller endast kunder som anv\u00e4nder AI-extrahering. Brevo Plats: Frankrike Definition: E-posttj\u00e4nst Gleap GmbH Plats: Tyskland \/ \u00d6sterrike Definition: Kundfeedback och bugrapporteringsverktyg Mistral AI Plats: EU...","protected":false},"author":1,"featured_media":0,"parent":0,"menu_order":0,"comment_status":"closed","ping_status":"closed","template":"","meta":{"_acf_changed":false,"content-type":"","footnotes":""},"class_list":["post-715","page","type-page","status-publish","hentry"],"acf":[],"yoast_head":"<!-- This site is optimized with the Yoast SEO plugin v27.2 - https:\/\/yoast.com\/product\/yoast-seo-wordpress\/ -->\n<title>Underbitr\u00e4den - Tagd<\/title>\n<meta name=\"description\" content=\"L\u00e4s mer om Tagds underbitr\u00e4den.\" \/>\n<meta name=\"robots\" content=\"noindex, nofollow\" \/>\n<meta property=\"og:locale\" content=\"sv_SE\" \/>\n<meta property=\"og:type\" content=\"article\" \/>\n<meta property=\"og:title\" content=\"Underbitr\u00e4den - Tagd\" \/>\n<meta property=\"og:description\" content=\"L\u00e4s mer om Tagds underbitr\u00e4den.\" \/>\n<meta property=\"og:url\" content=\"https:\/\/tagd.ai\/sv\/underbitraden\/\" \/>\n<meta property=\"og:site_name\" content=\"Tagd\" \/>\n<meta property=\"article:modified_time\" content=\"2026-02-23T09:53:36+00:00\" \/>\n<meta property=\"og:image\" content=\"https:\/\/tagd.ai\/wp-content\/uploads\/2024\/09\/underbitraden-Tagd-og.png\" \/>\n\t<meta property=\"og:image:width\" content=\"1200\" \/>\n\t<meta property=\"og:image:height\" content=\"630\" \/>\n\t<meta property=\"og:image:type\" content=\"image\/png\" \/>\n<meta name=\"twitter:card\" content=\"summary_large_image\" \/>\n<meta name=\"twitter:image\" content=\"https:\/\/tagd.ai\/wp-content\/uploads\/2024\/09\/underbitraden-Tagd-og.png\" \/>\n<script type=\"application\/ld+json\" class=\"yoast-schema-graph\">{\"@context\":\"https:\/\/schema.org\",\"@graph\":[{\"@type\":\"WebPage\",\"@id\":\"https:\/\/tagd.ai\/sv\/underbitraden\/\",\"url\":\"https:\/\/tagd.ai\/sv\/underbitraden\/\",\"name\":\"Underbitr\u00e4den - Tagd\",\"isPartOf\":{\"@id\":\"https:\/\/tagd.ai\/sv\/#website\"},\"datePublished\":\"2024-02-27T17:26:01+00:00\",\"dateModified\":\"2026-02-23T09:53:36+00:00\",\"description\":\"L\u00e4s mer om Tagds underbitr\u00e4den.\",\"breadcrumb\":{\"@id\":\"https:\/\/tagd.ai\/sv\/underbitraden\/#breadcrumb\"},\"inLanguage\":\"sv-SE\",\"potentialAction\":[{\"@type\":\"ReadAction\",\"target\":[\"https:\/\/tagd.ai\/sv\/underbitraden\/\"]}]},{\"@type\":\"BreadcrumbList\",\"@id\":\"https:\/\/tagd.ai\/sv\/underbitraden\/#breadcrumb\",\"itemListElement\":[{\"@type\":\"ListItem\",\"position\":1,\"name\":\"Home\",\"item\":\"https:\/\/tagd.ai\/sv\/\"},{\"@type\":\"ListItem\",\"position\":2,\"name\":\"Underbitr\u00e4den\"}]},{\"@type\":\"WebSite\",\"@id\":\"https:\/\/tagd.ai\/sv\/#website\",\"url\":\"https:\/\/tagd.ai\/sv\/\",\"name\":\"Tagd\",\"description\":\"\",\"publisher\":{\"@id\":\"https:\/\/tagd.ai\/sv\/#organization\"},\"potentialAction\":[{\"@type\":\"SearchAction\",\"target\":{\"@type\":\"EntryPoint\",\"urlTemplate\":\"https:\/\/tagd.ai\/sv\/?s={search_term_string}\"},\"query-input\":{\"@type\":\"PropertyValueSpecification\",\"valueRequired\":true,\"valueName\":\"search_term_string\"}}],\"inLanguage\":\"sv-SE\"},{\"@type\":\"Organization\",\"@id\":\"https:\/\/tagd.ai\/sv\/#organization\",\"name\":\"Tagd\",\"url\":\"https:\/\/tagd.ai\/sv\/\",\"logo\":{\"@type\":\"ImageObject\",\"inLanguage\":\"sv-SE\",\"@id\":\"https:\/\/tagd.ai\/sv\/#\/schema\/logo\/image\/\",\"url\":\"https:\/\/tagd.ai\/wp-content\/uploads\/2022\/10\/Logo-Tagd.png\",\"contentUrl\":\"https:\/\/tagd.ai\/wp-content\/uploads\/2022\/10\/Logo-Tagd.png\",\"width\":508,\"height\":279,\"caption\":\"Tagd\"},\"image\":{\"@id\":\"https:\/\/tagd.ai\/sv\/#\/schema\/logo\/image\/\"}}]}<\/script>\n<!-- \/ Yoast SEO plugin. -->","yoast_head_json":{"title":"Underbitr\u00e4den - Tagd","description":"L\u00e4s mer om Tagds underbitr\u00e4den.","robots":{"index":"noindex","follow":"nofollow"},"og_locale":"sv_SE","og_type":"article","og_title":"Underbitr\u00e4den - Tagd","og_description":"L\u00e4s mer om Tagds underbitr\u00e4den.","og_url":"https:\/\/tagd.ai\/sv\/underbitraden\/","og_site_name":"Tagd","article_modified_time":"2026-02-23T09:53:36+00:00","og_image":[{"width":1200,"height":630,"url":"https:\/\/tagd.ai\/wp-content\/uploads\/2024\/09\/underbitraden-Tagd-og.png","type":"image\/png"}],"twitter_card":"summary_large_image","twitter_image":"https:\/\/tagd.ai\/wp-content\/uploads\/2024\/09\/underbitraden-Tagd-og.png","schema":{"@context":"https:\/\/schema.org","@graph":[{"@type":"WebPage","@id":"https:\/\/tagd.ai\/sv\/underbitraden\/","url":"https:\/\/tagd.ai\/sv\/underbitraden\/","name":"Underbitr\u00e4den - Tagd","isPartOf":{"@id":"https:\/\/tagd.ai\/sv\/#website"},"datePublished":"2024-02-27T17:26:01+00:00","dateModified":"2026-02-23T09:53:36+00:00","description":"L\u00e4s mer om Tagds underbitr\u00e4den.","breadcrumb":{"@id":"https:\/\/tagd.ai\/sv\/underbitraden\/#breadcrumb"},"inLanguage":"sv-SE","potentialAction":[{"@type":"ReadAction","target":["https:\/\/tagd.ai\/sv\/underbitraden\/"]}]},{"@type":"BreadcrumbList","@id":"https:\/\/tagd.ai\/sv\/underbitraden\/#breadcrumb","itemListElement":[{"@type":"ListItem","position":1,"name":"Home","item":"https:\/\/tagd.ai\/sv\/"},{"@type":"ListItem","position":2,"name":"Underbitr\u00e4den"}]},{"@type":"WebSite","@id":"https:\/\/tagd.ai\/sv\/#website","url":"https:\/\/tagd.ai\/sv\/","name":"Tagd","description":"","publisher":{"@id":"https:\/\/tagd.ai\/sv\/#organization"},"potentialAction":[{"@type":"SearchAction","target":{"@type":"EntryPoint","urlTemplate":"https:\/\/tagd.ai\/sv\/?s={search_term_string}"},"query-input":{"@type":"PropertyValueSpecification","valueRequired":true,"valueName":"search_term_string"}}],"inLanguage":"sv-SE"},{"@type":"Organization","@id":"https:\/\/tagd.ai\/sv\/#organization","name":"Tagd","url":"https:\/\/tagd.ai\/sv\/","logo":{"@type":"ImageObject","inLanguage":"sv-SE","@id":"https:\/\/tagd.ai\/sv\/#\/schema\/logo\/image\/","url":"https:\/\/tagd.ai\/wp-content\/uploads\/2022\/10\/Logo-Tagd.png","contentUrl":"https:\/\/tagd.ai\/wp-content\/uploads\/2022\/10\/Logo-Tagd.png","width":508,"height":279,"caption":"Tagd"},"image":{"@id":"https:\/\/tagd.ai\/sv\/#\/schema\/logo\/image\/"}}]}},"featured_image_src":null,"featured_image_src_square":null,"_links":{"self":[{"href":"https:\/\/tagd.ai\/sv\/wp-json\/wp\/v2\/pages\/715","targetHints":{"allow":["GET"]}}],"collection":[{"href":"https:\/\/tagd.ai\/sv\/wp-json\/wp\/v2\/pages"}],"about":[{"href":"https:\/\/tagd.ai\/sv\/wp-json\/wp\/v2\/types\/page"}],"author":[{"embeddable":true,"href":"https:\/\/tagd.ai\/sv\/wp-json\/wp\/v2\/users\/1"}],"replies":[{"embeddable":true,"href":"https:\/\/tagd.ai\/sv\/wp-json\/wp\/v2\/comments?post=715"}],"version-history":[{"count":0,"href":"https:\/\/tagd.ai\/sv\/wp-json\/wp\/v2\/pages\/715\/revisions"}],"wp:attachment":[{"href":"https:\/\/tagd.ai\/sv\/wp-json\/wp\/v2\/media?parent=715"}],"curies":[{"name":"wp","href":"https:\/\/api.w.org\/{rel}","templated":true}]}}