{"id":714,"date":"2023-01-08T10:37:48","date_gmt":"2023-01-08T09:37:48","guid":{"rendered":"https:\/\/tagd.ai\/informationssakerhetspolicy\/"},"modified":"2024-09-15T20:06:24","modified_gmt":"2024-09-15T18:06:24","slug":"informationssakerhetspolicy","status":"publish","type":"page","link":"https:\/\/tagd.ai\/sv\/informationssakerhetspolicy\/","title":{"rendered":"Informationss\u00e4kerhetspolicy"},"content":{"rendered":"<section class=\"l-section wpb_row height_medium width_full with_img parallax_fixed\"><div class=\"l-section-img\" role=\"img\" aria-label=\"Bild\" data-img-width=\"407\" data-img-height=\"630\" style=\"background-image: url(https:\/\/tagd.ai\/wp-content\/uploads\/2023\/01\/information.png);background-position: bottom right;background-repeat: no-repeat;background-size: auto;\"><\/div><div class=\"l-section-h i-cf\"><div class=\"g-cols vc_row via_grid cols_1-4-1 laptops-cols_inherit tablets-cols_inherit mobiles-cols_1 valign_top type_default stacking_default\"><div class=\"wpb_column vc_column_container\"><div class=\"vc_column-inner\"><\/div><\/div><div class=\"wpb_column vc_column_container us_custom_6a34fa98 has_bg_color\"><div class=\"vc_column-inner\"><div class=\"wpb_text_column us_custom_c7ce90fa has_text_color\"><div class=\"wpb_wrapper\"><p>2024-09-15<\/p>\n<\/div><\/div><div class=\"wpb_text_column\"><div class=\"wpb_wrapper\"><h1><span class=\"hli\">Informationss\u00e4kerhetspolicy<\/span><\/h1>\n<h2>1. Introduktion<\/h2>\n<p>Denna policy beskriver de \u00e5tg\u00e4rder som Tagd AB har inf\u00f6rt f\u00f6r att skydda s\u00e4kerheten och konfidentialiteten f\u00f6r avtalsinformation, inklusive finansiella villkor, f\u00f6retagsinformation och personuppgifter, som lagras i v\u00e5rt avtalshanteringssystem. Denna policy g\u00e4ller f\u00f6r alla anst\u00e4llda, entrepren\u00f6rer och tredje parter som har tillg\u00e5ng till systemet. Det \u00e4r varje individs ansvar att f\u00f6lja denna policy och vidta l\u00e4mpliga \u00e5tg\u00e4rder f\u00f6r att skydda avtalsinformationen.<\/p>\n<h2>2. Informationsklassificering<\/h2>\n<p>All information i avtalshanteringssystemet klassificeras i kategorier: Offentlig, Intern och All kunds data \u00e4r klassificerad som Konfidentiell. Denna klassificering avg\u00f6r hanterings-, \u00e5tkomst- och distributionskrav. Endast beh\u00f6rig personal med ett legitimt aff\u00e4rsbehov f\u00e5r tillg\u00e5ng till Konfidentiell information, och den ska inte delas med obeh\u00f6riga individer. All konfidentiell information m\u00e5ste m\u00e4rkas i enlighet med detta.<\/p>\n<h2>3. \u00c5tkomstkontroller<\/h2>\n<p>\u00c5tkomst beviljas enligt behovsprincipen, och beh\u00f6righeter granskas kvartalsvis f\u00f6r att s\u00e4kerst\u00e4lla relevans. Varje individ \u00e4r ansvarig f\u00f6r att uppr\u00e4tth\u00e5lla konfidentialiteten f\u00f6r sina unika inloggningsuppgifter. Om \u00e5tkomst inte l\u00e4ngre beh\u00f6vs kommer den att \u00e5terkallas omedelbart efter en \u00e5tkomstgranskning eller roll\u00e4ndring.<\/p>\n<h2>4. Datakryptering<\/h2>\n<p>All data som \u00f6verf\u00f6rs till och fr\u00e5n avtalshanteringssystemet \u00e4r krypterad.<\/p>\n<p>S\u00e4ker nyckelhantering, inklusive regelbunden nyckelrotation och s\u00e4ker lagring, implementeras f\u00f6r att uppr\u00e4tth\u00e5lla dataintegritet och konfidentialitet.<\/p>\n<h2>5. Fysisk s\u00e4kerhet<\/h2>\n<p>Avtalshanteringssystemet anv\u00e4nder ett s\u00e4kert datacenter som skyddas av \u00f6vervakning dygnet runt, avancerade \u00e5tkomstkontroller och brandskyddssystem. Endast beh\u00f6rig personal har tillg\u00e5ng till datacentret, och all \u00e5tkomst loggas och \u00f6vervakas. Fj\u00e4rrarbetsplatser m\u00e5ste f\u00f6lja motsvarande s\u00e4kerhets\u00e5tg\u00e4rder, inklusive s\u00e4ker lagring av enheter och begr\u00e4nsad \u00e5tkomst till fysiska dokument.<\/p>\n<h2>6. Disaster Recover Plan<\/h2>\n<p>En Disaster Recover Plan vid katastrof finns p\u00e5 plats f\u00f6r att s\u00e4kerst\u00e4lla kontinuitet, med \u00e5terst\u00e4llningstid (RTO) och \u00e5terst\u00e4llningspunktsm\u00e5l (RPO) f\u00f6r all kritisk data. Databackup sker dagligen.<\/p>\n<h2>7. Incidenthantering<\/h2>\n<p>Vid en s\u00e4kerhetsincident aktiveras incidenthanteringsplanen. Alla anst\u00e4llda, entrepren\u00f6rer och tredje parter m\u00e5ste omedelbart rapportera incidenter till Tagds huvudkontor. \u00c5tg\u00e4rdsstegen inkluderar begr\u00e4nsning, eliminering, \u00e5terst\u00e4llning och en efterhandsgranskning av incidenten. Korrigerande \u00e5tg\u00e4rder dokumenteras f\u00f6r att f\u00f6rhindra framtida h\u00e4ndelser.<\/p>\n<h2>8. Utbildning och medvetenhet<\/h2>\n<p>All personal med tillg\u00e5ng till avtalshanteringssystemet m\u00e5ste genomg\u00e5 \u00e5rlig s\u00e4kerhetsutbildning. Utbildningen omfattar l\u00f6senordshantering, datahantering, incidenthanteringsprocedurer och simulerade n\u00e4tfiske\u00f6vningar f\u00f6r att f\u00f6rst\u00e4rka medvetenheten. Ytterligare utbildning kan kr\u00e4vas efter policyuppdateringar eller identifierade s\u00e4kerhetsincidenter.<\/p>\n<h2>9. Compliance<\/h2>\n<p>Vi f\u00f6ljer EU:s allm\u00e4nna dataskyddsf\u00f6rordning (GDPR) och relevanta informationss\u00e4kerhetslagar. Regelbundna interna revisioner genomf\u00f6rs f\u00f6r att verifiera efterlevnad, och eventuella identifierade brister \u00e5tg\u00e4rdas omedelbart. Tredje parter med tillg\u00e5ng till avtalshanteringssystemet m\u00e5ste f\u00f6lja dessa informationss\u00e4kerhetslagar.<\/p>\n<h2>10. Granskning och uppdateringar<\/h2>\n<p>Denna policy kommer att granskas \u00e5rligen och uppdateras vid behov f\u00f6r att s\u00e4kerst\u00e4lla dess effektivitet i att skydda avtalsinformationen. Alla f\u00f6r\u00e4ndringar kommer att dokumenteras, versionskontrolleras och kommuniceras till alla relevanta parter.<\/p>\n<\/div><\/div><\/div><\/div><div class=\"wpb_column vc_column_container\"><div class=\"vc_column-inner\"><\/div><\/div><\/div><\/div><\/section>\n","protected":false},"excerpt":{"rendered":"2024-09-15 Informationss\u00e4kerhetspolicy 1. Introduktion Denna policy beskriver de \u00e5tg\u00e4rder som Tagd AB har inf\u00f6rt f\u00f6r att skydda s\u00e4kerheten och konfidentialiteten f\u00f6r avtalsinformation, inklusive finansiella villkor, f\u00f6retagsinformation och personuppgifter, som lagras i v\u00e5rt avtalshanteringssystem. Denna policy g\u00e4ller f\u00f6r alla anst\u00e4llda, entrepren\u00f6rer och tredje parter som har tillg\u00e5ng till systemet. Det \u00e4r varje individs ansvar att f\u00f6lja...","protected":false},"author":1,"featured_media":0,"parent":0,"menu_order":0,"comment_status":"closed","ping_status":"closed","template":"","meta":{"_acf_changed":false,"content-type":"","footnotes":""},"class_list":["post-714","page","type-page","status-publish","hentry"],"acf":[],"yoast_head":"<!-- This site is optimized with the Yoast SEO plugin v27.2 - https:\/\/yoast.com\/product\/yoast-seo-wordpress\/ -->\n<title>Informationss\u00e4kerhetspolicy - Tagd<\/title>\n<meta name=\"robots\" content=\"noindex, nofollow\" \/>\n<meta property=\"og:locale\" content=\"sv_SE\" \/>\n<meta property=\"og:type\" content=\"article\" \/>\n<meta property=\"og:title\" content=\"Informationss\u00e4kerhetspolicy - Tagd\" \/>\n<meta property=\"og:url\" content=\"https:\/\/tagd.ai\/sv\/informationssakerhetspolicy\/\" \/>\n<meta property=\"og:site_name\" content=\"Tagd\" \/>\n<meta property=\"article:modified_time\" content=\"2024-09-15T18:06:24+00:00\" \/>\n<meta property=\"og:image\" content=\"https:\/\/tagd.ai\/wp-content\/uploads\/2024\/09\/Infosak-policy-Tagd-og.png\" \/>\n\t<meta property=\"og:image:width\" content=\"1200\" \/>\n\t<meta property=\"og:image:height\" content=\"630\" \/>\n\t<meta property=\"og:image:type\" content=\"image\/png\" \/>\n<meta name=\"twitter:card\" content=\"summary_large_image\" \/>\n<meta name=\"twitter:image\" content=\"https:\/\/tagd.ai\/wp-content\/uploads\/2024\/09\/Infosak-policy-Tagd-og.png\" \/>\n<script type=\"application\/ld+json\" class=\"yoast-schema-graph\">{\"@context\":\"https:\/\/schema.org\",\"@graph\":[{\"@type\":\"WebPage\",\"@id\":\"https:\/\/tagd.ai\/sv\/informationssakerhetspolicy\/\",\"url\":\"https:\/\/tagd.ai\/sv\/informationssakerhetspolicy\/\",\"name\":\"Informationss\u00e4kerhetspolicy - Tagd\",\"isPartOf\":{\"@id\":\"https:\/\/tagd.ai\/sv\/#website\"},\"datePublished\":\"2023-01-08T09:37:48+00:00\",\"dateModified\":\"2024-09-15T18:06:24+00:00\",\"breadcrumb\":{\"@id\":\"https:\/\/tagd.ai\/sv\/informationssakerhetspolicy\/#breadcrumb\"},\"inLanguage\":\"sv-SE\",\"potentialAction\":[{\"@type\":\"ReadAction\",\"target\":[\"https:\/\/tagd.ai\/sv\/informationssakerhetspolicy\/\"]}]},{\"@type\":\"BreadcrumbList\",\"@id\":\"https:\/\/tagd.ai\/sv\/informationssakerhetspolicy\/#breadcrumb\",\"itemListElement\":[{\"@type\":\"ListItem\",\"position\":1,\"name\":\"Home\",\"item\":\"https:\/\/tagd.ai\/sv\/\"},{\"@type\":\"ListItem\",\"position\":2,\"name\":\"Informationss\u00e4kerhetspolicy\"}]},{\"@type\":\"WebSite\",\"@id\":\"https:\/\/tagd.ai\/sv\/#website\",\"url\":\"https:\/\/tagd.ai\/sv\/\",\"name\":\"Tagd\",\"description\":\"\",\"publisher\":{\"@id\":\"https:\/\/tagd.ai\/sv\/#organization\"},\"potentialAction\":[{\"@type\":\"SearchAction\",\"target\":{\"@type\":\"EntryPoint\",\"urlTemplate\":\"https:\/\/tagd.ai\/sv\/?s={search_term_string}\"},\"query-input\":{\"@type\":\"PropertyValueSpecification\",\"valueRequired\":true,\"valueName\":\"search_term_string\"}}],\"inLanguage\":\"sv-SE\"},{\"@type\":\"Organization\",\"@id\":\"https:\/\/tagd.ai\/sv\/#organization\",\"name\":\"Tagd\",\"url\":\"https:\/\/tagd.ai\/sv\/\",\"logo\":{\"@type\":\"ImageObject\",\"inLanguage\":\"sv-SE\",\"@id\":\"https:\/\/tagd.ai\/sv\/#\/schema\/logo\/image\/\",\"url\":\"https:\/\/tagd.ai\/wp-content\/uploads\/2022\/10\/Logo-Tagd.png\",\"contentUrl\":\"https:\/\/tagd.ai\/wp-content\/uploads\/2022\/10\/Logo-Tagd.png\",\"width\":508,\"height\":279,\"caption\":\"Tagd\"},\"image\":{\"@id\":\"https:\/\/tagd.ai\/sv\/#\/schema\/logo\/image\/\"}}]}<\/script>\n<!-- \/ Yoast SEO plugin. -->","yoast_head_json":{"title":"Informationss\u00e4kerhetspolicy - Tagd","robots":{"index":"noindex","follow":"nofollow"},"og_locale":"sv_SE","og_type":"article","og_title":"Informationss\u00e4kerhetspolicy - Tagd","og_url":"https:\/\/tagd.ai\/sv\/informationssakerhetspolicy\/","og_site_name":"Tagd","article_modified_time":"2024-09-15T18:06:24+00:00","og_image":[{"width":1200,"height":630,"url":"https:\/\/tagd.ai\/wp-content\/uploads\/2024\/09\/Infosak-policy-Tagd-og.png","type":"image\/png"}],"twitter_card":"summary_large_image","twitter_image":"https:\/\/tagd.ai\/wp-content\/uploads\/2024\/09\/Infosak-policy-Tagd-og.png","schema":{"@context":"https:\/\/schema.org","@graph":[{"@type":"WebPage","@id":"https:\/\/tagd.ai\/sv\/informationssakerhetspolicy\/","url":"https:\/\/tagd.ai\/sv\/informationssakerhetspolicy\/","name":"Informationss\u00e4kerhetspolicy - Tagd","isPartOf":{"@id":"https:\/\/tagd.ai\/sv\/#website"},"datePublished":"2023-01-08T09:37:48+00:00","dateModified":"2024-09-15T18:06:24+00:00","breadcrumb":{"@id":"https:\/\/tagd.ai\/sv\/informationssakerhetspolicy\/#breadcrumb"},"inLanguage":"sv-SE","potentialAction":[{"@type":"ReadAction","target":["https:\/\/tagd.ai\/sv\/informationssakerhetspolicy\/"]}]},{"@type":"BreadcrumbList","@id":"https:\/\/tagd.ai\/sv\/informationssakerhetspolicy\/#breadcrumb","itemListElement":[{"@type":"ListItem","position":1,"name":"Home","item":"https:\/\/tagd.ai\/sv\/"},{"@type":"ListItem","position":2,"name":"Informationss\u00e4kerhetspolicy"}]},{"@type":"WebSite","@id":"https:\/\/tagd.ai\/sv\/#website","url":"https:\/\/tagd.ai\/sv\/","name":"Tagd","description":"","publisher":{"@id":"https:\/\/tagd.ai\/sv\/#organization"},"potentialAction":[{"@type":"SearchAction","target":{"@type":"EntryPoint","urlTemplate":"https:\/\/tagd.ai\/sv\/?s={search_term_string}"},"query-input":{"@type":"PropertyValueSpecification","valueRequired":true,"valueName":"search_term_string"}}],"inLanguage":"sv-SE"},{"@type":"Organization","@id":"https:\/\/tagd.ai\/sv\/#organization","name":"Tagd","url":"https:\/\/tagd.ai\/sv\/","logo":{"@type":"ImageObject","inLanguage":"sv-SE","@id":"https:\/\/tagd.ai\/sv\/#\/schema\/logo\/image\/","url":"https:\/\/tagd.ai\/wp-content\/uploads\/2022\/10\/Logo-Tagd.png","contentUrl":"https:\/\/tagd.ai\/wp-content\/uploads\/2022\/10\/Logo-Tagd.png","width":508,"height":279,"caption":"Tagd"},"image":{"@id":"https:\/\/tagd.ai\/sv\/#\/schema\/logo\/image\/"}}]}},"featured_image_src":null,"featured_image_src_square":null,"_links":{"self":[{"href":"https:\/\/tagd.ai\/sv\/wp-json\/wp\/v2\/pages\/714","targetHints":{"allow":["GET"]}}],"collection":[{"href":"https:\/\/tagd.ai\/sv\/wp-json\/wp\/v2\/pages"}],"about":[{"href":"https:\/\/tagd.ai\/sv\/wp-json\/wp\/v2\/types\/page"}],"author":[{"embeddable":true,"href":"https:\/\/tagd.ai\/sv\/wp-json\/wp\/v2\/users\/1"}],"replies":[{"embeddable":true,"href":"https:\/\/tagd.ai\/sv\/wp-json\/wp\/v2\/comments?post=714"}],"version-history":[{"count":0,"href":"https:\/\/tagd.ai\/sv\/wp-json\/wp\/v2\/pages\/714\/revisions"}],"wp:attachment":[{"href":"https:\/\/tagd.ai\/sv\/wp-json\/wp\/v2\/media?parent=714"}],"curies":[{"name":"wp","href":"https:\/\/api.w.org\/{rel}","templated":true}]}}