{"id":570,"date":"2024-04-25T13:48:47","date_gmt":"2024-04-25T11:48:47","guid":{"rendered":"https:\/\/tagd.ai\/?page_id=570"},"modified":"2025-06-16T12:28:00","modified_gmt":"2025-06-16T10:28:00","slug":"webbinarium-sa-forenklar-du-avtalshanteringen-med-ai","status":"publish","type":"page","link":"https:\/\/tagd.ai\/sv\/webbinarium-sa-forenklar-du-avtalshanteringen-med-ai\/","title":{"rendered":"Webbinarium: S\u00e5 f\u00f6renklar du Avtalshanteringen med AI"},"content":{"rendered":"<section class=\"l-section wpb_row height_auto\"><div class=\"l-section-h i-cf\"><div class=\"g-cols vc_row via_grid cols_1 laptops-cols_inherit tablets-cols_inherit mobiles-cols_1 valign_top type_default stacking_default\"><div class=\"wpb_column vc_column_container\"><div class=\"vc_column-inner\"><\/div><\/div><\/div><\/div><\/section><section class=\"l-section wpb_row height_medium full_height valign_center width_custom with_img parallax_fixed\" style=\"--site-content-width:1240px;\"><div class=\"l-section-img\" role=\"img\" aria-label=\"Bild\" data-img-width=\"1920\" data-img-height=\"1080\" style=\"background-image: url(https:\/\/tagd.ai\/wp-content\/uploads\/2022\/10\/city-business-industry-tagd.png);background-position: bottom right;background-repeat: no-repeat;background-size: auto;\"><\/div><div class=\"l-section-h i-cf\"><div class=\"g-cols vc_row via_grid cols_1 laptops-cols_inherit tablets-cols_inherit mobiles-cols_1 valign_top type_default stacking_default\"><div class=\"wpb_column vc_column_container\"><div class=\"vc_column-inner\"><div class=\"g-cols wpb_row us_custom_60e9caca us_animate_this via_grid cols_2-1 laptops-cols_inherit tablets-cols_inherit mobiles-cols_1 valign_middle type_default stacking_default\" style=\"--columns-gap:3rem;\"><div class=\"wpb_column vc_column_container us_custom_3bd02aa1\"><div class=\"vc_column-overlay\" style=\"background:rgba(255,255,255,0.95)\"><\/div><div class=\"vc_column-inner\"><div class=\"wpb_text_column\"><div class=\"wpb_wrapper\"><h1 style=\"font-size: 2rem;\">Webbinarium: <span class=\"hli\">Automatisera avtalshanteringen med AI<\/span><\/h1>\n<p>AI f\u00f6rv\u00e4ntas effektivisera m\u00e5nga delar av arbetslivet och inom avtalshantering \u00e4r det redan verklighet. I detta webbinarium g\u00e5r vi igenom hur Tagd eliminerar det repetitiva och manuella arbetet efter att ett avtal signerats.<\/p>\n<p>L\u00e4r dig hur du med minimal insats kan f\u00e5 AI-driven analys, automatiska p\u00e5minnelser och uppf\u00f6ljning f\u00f6r alla dina avtal. Med Tagd f\u00e5r organisationen ett strukturerat och personoberoende arbetss\u00e4tt f\u00f6r avtalshanteringen.<\/p>\n<\/div><\/div><div class=\"w-hwrapper valign_middle align_none\" style=\"--hwrapper-gap:0.8rem\"><div class=\"w-html\"><center><script src=\"https:\/\/cdn.lordicon.com\/qjzruarw.js\"><\/script>\n<lord-icon\n    src=\"https:\/\/cdn.lordicon.com\/qhviklyi.json\"\n    trigger=\"loop\"\n    delay=\"2000\"\n    colors=\"primary:#121331,secondary:#e0c6e1\"\n    stroke=\"40\"\n    style=\"width:120px;height:120px\">\n<\/lord-icon><\/center><\/div><div class=\"w-text us_custom_22e3df69 has_text_color us_animate_this\"><span class=\"w-text-h\"><span class=\"w-text-value\">Webbinarierna \u00e4r givetvis helt kostnadsfria<\/span><\/span><\/div><\/div><\/div><\/div><div class=\"wpb_column vc_column_container us_custom_219ecbeb has_bg_color\"><div class=\"vc_column-inner\"><div class=\"w-image us_custom_c5ac9e41 has_ratio align_center\"><div class=\"w-image-h\"><div style=\"padding-bottom:100%\"><\/div><img decoding=\"async\" width=\"300\" height=\"300\" src=\"https:\/\/tagd.ai\/wp-content\/uploads\/2024\/04\/Oscar-Tagd-300x300.png\" class=\"attachment-medium size-medium\" alt=\"\" loading=\"lazy\" \/><\/div><\/div><div class=\"w-separator size_small\"><\/div><div class=\"wpb_text_column\"><div class=\"wpb_wrapper\"><h5 style=\"text-align: center;\"><strong>Din v\u00e4rd: Oscar Rudby<\/strong><\/h5>\n<\/div><\/div><div class=\"wpb_text_column\"><div class=\"wpb_wrapper\"><p style=\"text-align: center;\">P\u00e5 webbinariet tr\u00e4ffar du bland andra Oscar som har \u00f6ver 20 \u00e5rs erfarenhet inom Legal Tech.<\/p>\n<\/div><\/div><\/div><\/div><\/div><div class=\"w-separator size_huge with_line width_default thick_1 style_solid color_border align_center\"><div class=\"w-separator-h\"><\/div><\/div><div class=\"g-cols wpb_row via_grid cols_2 laptops-cols_inherit tablets-cols_inherit mobiles-cols_1 valign_top type_default stacking_default\" style=\"--columns-gap:2rem;\"><div class=\"wpb_column vc_column_container us_custom_b676f5bf us_animate_this\"><div class=\"vc_column-overlay\" style=\"background:rgba(255,255,255,0.95)\"><\/div><div class=\"vc_column-inner\"><div class=\"w-iconbox iconpos_top style_default color_primary align_center no_text no_title icontype_img\"><div class=\"w-iconbox-icon\" style=\"font-size:10rem;\"><img loading=\"lazy\" decoding=\"async\" width=\"244\" height=\"284\" src=\"https:\/\/tagd.ai\/wp-content\/uploads\/2024\/04\/bot-tagd-print.png\" class=\"attachment-full size-full\" alt=\"\" \/><\/div><div class=\"w-iconbox-meta\"><\/div><\/div><div class=\"wpb_text_column\"><div class=\"wpb_wrapper\"><h2>Detta l\u00e4r du dig<\/h2>\n<p>Du kommer f\u00e5 en konkret och tydlig bild av hur AI kan anv\u00e4ndas f\u00f6r din avtalshantering.<\/p>\n<\/div><\/div><div class=\"w-separator size_small\"><\/div><div class=\"wpb_text_column\"><div class=\"wpb_wrapper\"><p><strong>\u2022 <span style=\"color: #cca4cd;\"> <strong>Automatisering av arbetsmoment<\/strong><\/span><br \/>\n<\/strong>Uppt\u00e4ckt hur Tagd frig\u00f6r tid och resurser genom att automatisera \u00e5terkommande arbetsmoment.<\/p>\n<p><strong>\u2022 <span style=\"color: #7ac39f;\"> <strong>Kvalitetss\u00e4krad enhetlig process<\/strong><\/span><br \/>\n<\/strong>Se hur Tagd p\u00e5 ett pedagogiskt s\u00e4tt s\u00e4kerst\u00e4ller en personoberoende och str\u00f6mlinjeformad process f\u00f6r avtalshantering.<\/p>\n<p><strong>\u2022 <span style=\"color: #f4a69c;\"> <strong>Tydligare organisering och \u00f6verblick<\/strong><\/span><br \/>\n<\/strong>Vi visar hur man med hj\u00e4lp av all insamlad metadata kan skapa l\u00e4ttnavigerade \u00f6versikter och tydlig visualisering av sina avtal.<\/p>\n<p><strong>\u2022 <span style=\"color: #8abfd6;\"> <strong>Kontroll och uppf\u00f6ljning<\/strong><\/span><br \/>\n<\/strong>L\u00e4r dig om hur Tagd skapar kontroll \u00f6ver f\u00f6rnyelser, \u00e5taganden och uppf\u00f6ljningar, utan att n\u00e5got faller mellan stolarna.<\/p>\n<\/div><\/div><div class=\"w-separator size_medium\"><\/div><\/div><\/div><div class=\"wpb_column vc_column_container us_custom_24dbaac5 us_animate_this has_bg_color\"><div class=\"vc_column-inner\"><div class=\"wpb_text_column\"><div class=\"wpb_wrapper\"><h2><span class=\"hli2\">Registrera dig h\u00e4r<\/span><\/h2>\n<\/div><\/div><div class=\"w-separator size_small\"><\/div><div class=\"w-html\"><script src=\"https:\/\/js-eu1.hsforms.net\/forms\/embed\/145680495.js\" defer><\/script>\n<div class=\"hs-form-frame\" data-region=\"eu1\" data-form-id=\"20422fbc-d270-455e-b437-d170ff0f763c\" data-portal-id=\"145680495\"><\/div><\/div><\/div><\/div><\/div><div class=\"w-separator size_medium\"><\/div><\/div><\/div><\/div><\/div><\/section>\n","protected":false},"excerpt":{"rendered":"Webbinarium: Automatisera avtalshanteringen med AI AI f\u00f6rv\u00e4ntas effektivisera m\u00e5nga delar av arbetslivet och inom avtalshantering \u00e4r det redan verklighet. I detta webbinarium g\u00e5r vi igenom hur Tagd eliminerar det repetitiva och manuella arbetet efter att ett avtal signerats. L\u00e4r dig hur du med minimal insats kan f\u00e5 AI-driven analys, automatiska p\u00e5minnelser och uppf\u00f6ljning f\u00f6r alla...","protected":false},"author":1,"featured_media":606,"parent":0,"menu_order":0,"comment_status":"closed","ping_status":"closed","template":"","meta":{"_acf_changed":false,"content-type":"","footnotes":""},"class_list":["post-570","page","type-page","status-publish","has-post-thumbnail","hentry"],"acf":[],"yoast_head":"<!-- This site is optimized with the Yoast SEO plugin v27.3 - https:\/\/yoast.com\/product\/yoast-seo-wordpress\/ -->\n<title>Webbinarium: S\u00e5 f\u00f6renklar du Avtalshanteringen med AI - Tagd<\/title>\n<meta name=\"description\" content=\"L\u00e4r dig anv\u00e4nda AI och smarta automatiseringar f\u00f6r att s\u00e4tta din avtalshantering p\u00e5 Autopilot \u2013 givetvis med full bibeh\u00e5llen kontroll.\" \/>\n<meta name=\"robots\" content=\"index, follow, max-snippet:-1, max-image-preview:large, max-video-preview:-1\" \/>\n<link rel=\"canonical\" href=\"https:\/\/tagd.ai\/sv\/webbinarium-sa-forenklar-du-avtalshanteringen-med-ai\/\" \/>\n<meta property=\"og:locale\" content=\"sv_SE\" \/>\n<meta property=\"og:type\" content=\"article\" \/>\n<meta property=\"og:title\" content=\"Webbinarium: S\u00e5 f\u00f6renklar du Avtalshanteringen med AI - Tagd\" \/>\n<meta property=\"og:description\" content=\"L\u00e4r dig anv\u00e4nda AI och smarta automatiseringar f\u00f6r att s\u00e4tta din avtalshantering p\u00e5 Autopilot \u2013 givetvis med full bibeh\u00e5llen kontroll.\" \/>\n<meta property=\"og:url\" content=\"https:\/\/tagd.ai\/sv\/webbinarium-sa-forenklar-du-avtalshanteringen-med-ai\/\" \/>\n<meta property=\"og:site_name\" content=\"Tagd\" \/>\n<meta property=\"article:modified_time\" content=\"2025-06-16T10:28:00+00:00\" \/>\n<meta property=\"og:image\" content=\"https:\/\/tagd.ai\/wp-content\/uploads\/2024\/04\/Webbinarium-1b-og.png\" \/>\n\t<meta property=\"og:image:width\" content=\"1200\" \/>\n\t<meta property=\"og:image:height\" content=\"630\" \/>\n\t<meta property=\"og:image:type\" content=\"image\/png\" \/>\n<meta name=\"twitter:card\" content=\"summary_large_image\" \/>\n<meta name=\"twitter:image\" content=\"https:\/\/tagd.ai\/wp-content\/uploads\/2024\/04\/Webbinarium-1b-og.png\" \/>\n<script type=\"application\/ld+json\" class=\"yoast-schema-graph\">{\"@context\":\"https:\\\/\\\/schema.org\",\"@graph\":[{\"@type\":\"WebPage\",\"@id\":\"https:\\\/\\\/tagd.ai\\\/sv\\\/webbinarium-sa-forenklar-du-avtalshanteringen-med-ai\\\/\",\"url\":\"https:\\\/\\\/tagd.ai\\\/sv\\\/webbinarium-sa-forenklar-du-avtalshanteringen-med-ai\\\/\",\"name\":\"Webbinarium: S\u00e5 f\u00f6renklar du Avtalshanteringen med AI - Tagd\",\"isPartOf\":{\"@id\":\"https:\\\/\\\/tagd.ai\\\/sv\\\/#website\"},\"primaryImageOfPage\":{\"@id\":\"https:\\\/\\\/tagd.ai\\\/sv\\\/webbinarium-sa-forenklar-du-avtalshanteringen-med-ai\\\/#primaryimage\"},\"image\":{\"@id\":\"https:\\\/\\\/tagd.ai\\\/sv\\\/webbinarium-sa-forenklar-du-avtalshanteringen-med-ai\\\/#primaryimage\"},\"thumbnailUrl\":\"https:\\\/\\\/tagd.ai\\\/wp-content\\\/uploads\\\/2024\\\/04\\\/webbinarium-grid-picture.png\",\"datePublished\":\"2024-04-25T11:48:47+00:00\",\"dateModified\":\"2025-06-16T10:28:00+00:00\",\"description\":\"L\u00e4r dig anv\u00e4nda AI och smarta automatiseringar f\u00f6r att s\u00e4tta din avtalshantering p\u00e5 Autopilot \u2013 givetvis med full bibeh\u00e5llen kontroll.\",\"breadcrumb\":{\"@id\":\"https:\\\/\\\/tagd.ai\\\/sv\\\/webbinarium-sa-forenklar-du-avtalshanteringen-med-ai\\\/#breadcrumb\"},\"inLanguage\":\"sv-SE\",\"potentialAction\":[{\"@type\":\"ReadAction\",\"target\":[\"https:\\\/\\\/tagd.ai\\\/sv\\\/webbinarium-sa-forenklar-du-avtalshanteringen-med-ai\\\/\"]}]},{\"@type\":\"ImageObject\",\"inLanguage\":\"sv-SE\",\"@id\":\"https:\\\/\\\/tagd.ai\\\/sv\\\/webbinarium-sa-forenklar-du-avtalshanteringen-med-ai\\\/#primaryimage\",\"url\":\"https:\\\/\\\/tagd.ai\\\/wp-content\\\/uploads\\\/2024\\\/04\\\/webbinarium-grid-picture.png\",\"contentUrl\":\"https:\\\/\\\/tagd.ai\\\/wp-content\\\/uploads\\\/2024\\\/04\\\/webbinarium-grid-picture.png\",\"width\":900,\"height\":506},{\"@type\":\"BreadcrumbList\",\"@id\":\"https:\\\/\\\/tagd.ai\\\/sv\\\/webbinarium-sa-forenklar-du-avtalshanteringen-med-ai\\\/#breadcrumb\",\"itemListElement\":[{\"@type\":\"ListItem\",\"position\":1,\"name\":\"Home\",\"item\":\"https:\\\/\\\/tagd.ai\\\/sv\\\/\"},{\"@type\":\"ListItem\",\"position\":2,\"name\":\"Webbinarium: S\u00e5 f\u00f6renklar du Avtalshanteringen med AI\"}]},{\"@type\":\"WebSite\",\"@id\":\"https:\\\/\\\/tagd.ai\\\/sv\\\/#website\",\"url\":\"https:\\\/\\\/tagd.ai\\\/sv\\\/\",\"name\":\"Tagd\",\"description\":\"\",\"publisher\":{\"@id\":\"https:\\\/\\\/tagd.ai\\\/sv\\\/#organization\"},\"potentialAction\":[{\"@type\":\"SearchAction\",\"target\":{\"@type\":\"EntryPoint\",\"urlTemplate\":\"https:\\\/\\\/tagd.ai\\\/sv\\\/?s={search_term_string}\"},\"query-input\":{\"@type\":\"PropertyValueSpecification\",\"valueRequired\":true,\"valueName\":\"search_term_string\"}}],\"inLanguage\":\"sv-SE\"},{\"@type\":\"Organization\",\"@id\":\"https:\\\/\\\/tagd.ai\\\/sv\\\/#organization\",\"name\":\"Tagd\",\"url\":\"https:\\\/\\\/tagd.ai\\\/sv\\\/\",\"logo\":{\"@type\":\"ImageObject\",\"inLanguage\":\"sv-SE\",\"@id\":\"https:\\\/\\\/tagd.ai\\\/sv\\\/#\\\/schema\\\/logo\\\/image\\\/\",\"url\":\"https:\\\/\\\/tagd.ai\\\/wp-content\\\/uploads\\\/2022\\\/10\\\/Logo-Tagd.png\",\"contentUrl\":\"https:\\\/\\\/tagd.ai\\\/wp-content\\\/uploads\\\/2022\\\/10\\\/Logo-Tagd.png\",\"width\":508,\"height\":279,\"caption\":\"Tagd\"},\"image\":{\"@id\":\"https:\\\/\\\/tagd.ai\\\/sv\\\/#\\\/schema\\\/logo\\\/image\\\/\"}}]}<\/script>\n<!-- \/ Yoast SEO plugin. -->","yoast_head_json":{"title":"Webbinarium: S\u00e5 f\u00f6renklar du Avtalshanteringen med AI - Tagd","description":"L\u00e4r dig anv\u00e4nda AI och smarta automatiseringar f\u00f6r att s\u00e4tta din avtalshantering p\u00e5 Autopilot \u2013 givetvis med full bibeh\u00e5llen kontroll.","robots":{"index":"index","follow":"follow","max-snippet":"max-snippet:-1","max-image-preview":"max-image-preview:large","max-video-preview":"max-video-preview:-1"},"canonical":"https:\/\/tagd.ai\/sv\/webbinarium-sa-forenklar-du-avtalshanteringen-med-ai\/","og_locale":"sv_SE","og_type":"article","og_title":"Webbinarium: S\u00e5 f\u00f6renklar du Avtalshanteringen med AI - Tagd","og_description":"L\u00e4r dig anv\u00e4nda AI och smarta automatiseringar f\u00f6r att s\u00e4tta din avtalshantering p\u00e5 Autopilot \u2013 givetvis med full bibeh\u00e5llen kontroll.","og_url":"https:\/\/tagd.ai\/sv\/webbinarium-sa-forenklar-du-avtalshanteringen-med-ai\/","og_site_name":"Tagd","article_modified_time":"2025-06-16T10:28:00+00:00","og_image":[{"width":1200,"height":630,"url":"https:\/\/tagd.ai\/wp-content\/uploads\/2024\/04\/Webbinarium-1b-og.png","type":"image\/png"}],"twitter_card":"summary_large_image","twitter_image":"https:\/\/tagd.ai\/wp-content\/uploads\/2024\/04\/Webbinarium-1b-og.png","schema":{"@context":"https:\/\/schema.org","@graph":[{"@type":"WebPage","@id":"https:\/\/tagd.ai\/sv\/webbinarium-sa-forenklar-du-avtalshanteringen-med-ai\/","url":"https:\/\/tagd.ai\/sv\/webbinarium-sa-forenklar-du-avtalshanteringen-med-ai\/","name":"Webbinarium: S\u00e5 f\u00f6renklar du Avtalshanteringen med AI - Tagd","isPartOf":{"@id":"https:\/\/tagd.ai\/sv\/#website"},"primaryImageOfPage":{"@id":"https:\/\/tagd.ai\/sv\/webbinarium-sa-forenklar-du-avtalshanteringen-med-ai\/#primaryimage"},"image":{"@id":"https:\/\/tagd.ai\/sv\/webbinarium-sa-forenklar-du-avtalshanteringen-med-ai\/#primaryimage"},"thumbnailUrl":"https:\/\/tagd.ai\/wp-content\/uploads\/2024\/04\/webbinarium-grid-picture.png","datePublished":"2024-04-25T11:48:47+00:00","dateModified":"2025-06-16T10:28:00+00:00","description":"L\u00e4r dig anv\u00e4nda AI och smarta automatiseringar f\u00f6r att s\u00e4tta din avtalshantering p\u00e5 Autopilot \u2013 givetvis med full bibeh\u00e5llen kontroll.","breadcrumb":{"@id":"https:\/\/tagd.ai\/sv\/webbinarium-sa-forenklar-du-avtalshanteringen-med-ai\/#breadcrumb"},"inLanguage":"sv-SE","potentialAction":[{"@type":"ReadAction","target":["https:\/\/tagd.ai\/sv\/webbinarium-sa-forenklar-du-avtalshanteringen-med-ai\/"]}]},{"@type":"ImageObject","inLanguage":"sv-SE","@id":"https:\/\/tagd.ai\/sv\/webbinarium-sa-forenklar-du-avtalshanteringen-med-ai\/#primaryimage","url":"https:\/\/tagd.ai\/wp-content\/uploads\/2024\/04\/webbinarium-grid-picture.png","contentUrl":"https:\/\/tagd.ai\/wp-content\/uploads\/2024\/04\/webbinarium-grid-picture.png","width":900,"height":506},{"@type":"BreadcrumbList","@id":"https:\/\/tagd.ai\/sv\/webbinarium-sa-forenklar-du-avtalshanteringen-med-ai\/#breadcrumb","itemListElement":[{"@type":"ListItem","position":1,"name":"Home","item":"https:\/\/tagd.ai\/sv\/"},{"@type":"ListItem","position":2,"name":"Webbinarium: S\u00e5 f\u00f6renklar du Avtalshanteringen med AI"}]},{"@type":"WebSite","@id":"https:\/\/tagd.ai\/sv\/#website","url":"https:\/\/tagd.ai\/sv\/","name":"Tagd","description":"","publisher":{"@id":"https:\/\/tagd.ai\/sv\/#organization"},"potentialAction":[{"@type":"SearchAction","target":{"@type":"EntryPoint","urlTemplate":"https:\/\/tagd.ai\/sv\/?s={search_term_string}"},"query-input":{"@type":"PropertyValueSpecification","valueRequired":true,"valueName":"search_term_string"}}],"inLanguage":"sv-SE"},{"@type":"Organization","@id":"https:\/\/tagd.ai\/sv\/#organization","name":"Tagd","url":"https:\/\/tagd.ai\/sv\/","logo":{"@type":"ImageObject","inLanguage":"sv-SE","@id":"https:\/\/tagd.ai\/sv\/#\/schema\/logo\/image\/","url":"https:\/\/tagd.ai\/wp-content\/uploads\/2022\/10\/Logo-Tagd.png","contentUrl":"https:\/\/tagd.ai\/wp-content\/uploads\/2022\/10\/Logo-Tagd.png","width":508,"height":279,"caption":"Tagd"},"image":{"@id":"https:\/\/tagd.ai\/sv\/#\/schema\/logo\/image\/"}}]}},"featured_image_src":"https:\/\/tagd.ai\/wp-content\/uploads\/2024\/04\/webbinarium-grid-picture-600x400.png","featured_image_src_square":"https:\/\/tagd.ai\/wp-content\/uploads\/2024\/04\/webbinarium-grid-picture-600x506.png","_links":{"self":[{"href":"https:\/\/tagd.ai\/sv\/wp-json\/wp\/v2\/pages\/570","targetHints":{"allow":["GET"]}}],"collection":[{"href":"https:\/\/tagd.ai\/sv\/wp-json\/wp\/v2\/pages"}],"about":[{"href":"https:\/\/tagd.ai\/sv\/wp-json\/wp\/v2\/types\/page"}],"author":[{"embeddable":true,"href":"https:\/\/tagd.ai\/sv\/wp-json\/wp\/v2\/users\/1"}],"replies":[{"embeddable":true,"href":"https:\/\/tagd.ai\/sv\/wp-json\/wp\/v2\/comments?post=570"}],"version-history":[{"count":0,"href":"https:\/\/tagd.ai\/sv\/wp-json\/wp\/v2\/pages\/570\/revisions"}],"wp:featuredmedia":[{"embeddable":true,"href":"https:\/\/tagd.ai\/sv\/wp-json\/wp\/v2\/media\/606"}],"wp:attachment":[{"href":"https:\/\/tagd.ai\/sv\/wp-json\/wp\/v2\/media?parent=570"}],"curies":[{"name":"wp","href":"https:\/\/api.w.org\/{rel}","templated":true}]}}