{"id":290,"date":"2023-02-10T16:29:30","date_gmt":"2023-02-10T15:29:30","guid":{"rendered":"https:\/\/tagd.ai\/utvardering\/"},"modified":"2023-03-25T11:20:16","modified_gmt":"2023-03-25T10:20:16","slug":"utvardering","status":"publish","type":"page","link":"https:\/\/tagd.ai\/sv\/utvardering\/","title":{"rendered":"Utv\u00e4rdera din Avtalshantering och f\u00e5 en rapport"},"content":{"rendered":"<section class=\"l-section wpb_row height_auto\"><div class=\"l-section-h i-cf\"><div class=\"g-cols vc_row via_grid cols_1 laptops-cols_inherit tablets-cols_inherit mobiles-cols_1 valign_top type_default stacking_default\"><div class=\"wpb_column vc_column_container\"><div class=\"vc_column-inner\"><\/div><\/div><\/div><\/div><\/section><section class=\"l-section wpb_row height_medium full_height valign_center with_img parallax_fixed\"><div class=\"l-section-img\" role=\"img\" aria-label=\"Bild\" data-img-width=\"590\" data-img-height=\"472\" style=\"background-image: url(https:\/\/tagd.ai\/wp-content\/uploads\/2023\/02\/self-assessment-bg.png);background-position: bottom right;background-repeat: no-repeat;background-size: auto;\"><\/div><div class=\"l-section-h i-cf\"><div class=\"g-cols vc_row via_grid cols_1-4-1 laptops-cols_inherit tablets-cols_inherit mobiles-cols_1 valign_middle type_default stacking_default\"><div class=\"wpb_column vc_column_container\"><div class=\"vc_column-inner\"><\/div><\/div><div class=\"wpb_column vc_column_container us_custom_65f3a4e5 has_bg_color\"><div class=\"vc_column-inner\"><div class=\"wpb_text_column\"><div class=\"wpb_wrapper\"><h1>Avtalshantering<br \/>\n<span class=\"hli\">Utv\u00e4rdering<\/span><\/h1>\n<p>Nyfiken p\u00e5 statusen f\u00f6r din avtalshantering? Svara p\u00e5 11 enkla fr\u00e5gor och f\u00e5 en \u00f6gonblicksbild av din organisations avtalshantering. Resultaten presenteras i en rapport tillsammans med f\u00f6rb\u00e4ttringsf\u00f6rslag.<\/p>\n<\/div><\/div><div class=\"w-separator size_small\"><\/div><div class=\"w-tabs style_default switch_click accordion has_scrolling\" style=\"--sections-title-size:inherit\"><div class=\"w-tabs-sections titles-align_none icon_chevron cpos_right\"><div class=\"w-tabs-section\" id=\"jb09\"><button class=\"w-tabs-section-header with_icon\" aria-controls=\"content-jb09\" aria-expanded=\"false\"><i class=\"material-icons\">live_help<\/i><div class=\"w-tabs-section-title\">Detaljer om utv\u00e4rderingen<\/div><div class=\"w-tabs-section-control\"><\/div><\/button><div  class=\"w-tabs-section-content\" id=\"content-jb09\"><div class=\"w-tabs-section-content-h i-cf\"><div class=\"wpb_text_column\"><div class=\"wpb_wrapper\"><h2>Inledning<\/h2>\n<p>Detta \u00e4r en \u00f6vergripande sj\u00e4lvutv\u00e4rdering som kommer att ge er en insikt i hur er avtalshantering fungerar j\u00e4mf\u00f6rt med best practice och j\u00e4mf\u00f6rt med andra organisationers avtalshantering. En effektiv avtalshantering skapar ordning och reda i organisationen och ger en rad f\u00f6rdelar som:<\/p>\n<ul>\n<li>F\u00f6rb\u00e4ttrad kostnadskontroll<\/li>\n<li>Sparar v\u00e4rdefull tid<\/li>\n<li>Minskar risker i verksamheten<\/li>\n<li>Compliance<\/li>\n<li>\u00d6kar kvaliteten f\u00f6r din avtalshantering<\/li>\n<\/ul>\n<p>Genom att g\u00f6ra utv\u00e4rderingen kommer ni att f\u00e5 svar p\u00e5 hur ni presterar samtidigt som ni kommer att f\u00e5 en b\u00e4ttre f\u00f6rst\u00e5else f\u00f6r vad en effektiv avtalshantering inneb\u00e4r. Utv\u00e4rderingen \u00e4r uppdelad i tre omr\u00e5den med 3\u20135 underfr\u00e5gor per omr\u00e5de. Sj\u00e4lvutv\u00e4rderingen omfattar tre avsnitt:<\/p>\n<ol>\n<li>Ledningens styrning och kontroll<\/li>\n<li>Riktlinjer<\/li>\n<li>Verktyg<\/li>\n<\/ol>\n<p>Totalt \u00e4r det 11 fr\u00e5gor som tar cirka 5 minuter att genomf\u00f6ra och n\u00e4r dessa \u00e4r besvarade sammanst\u00e4lls en rapport i PDF-format med resultaten av utv\u00e4rderingen. Svaren anger mognadsgrad hos er organisation och kan anv\u00e4ndas f\u00f6r att inleda projekt f\u00f6r att f\u00f6rb\u00e4ttra avtalshanteringen i f\u00f6retaget steg f\u00f6r steg.<\/p>\n<p>Resultaten f\u00f6rdelas i en low-, medium- och high-skala och j\u00e4mf\u00f6relse sker med ett index f\u00f6r hur andra f\u00f6retag ligger till och anger hur andra f\u00f6retag l\u00f6st sina problem. M\u00e5nga som \u00e4r i b\u00f6rjan av att f\u00f6rb\u00e4ttra sin mognad b\u00f6r inte avskr\u00e4ckas om resultaten \u00e4r l\u00e5ga och i st\u00e4llet inse att m\u00e5nga initiativ \u00e4r genomf\u00f6rbara med rimliga anstr\u00e4ngningar. Exempelvis kan m\u00e5nga IT-verktyg bidra till att man p\u00e5 kort tid och enkelt uppn\u00e5r betydande f\u00f6rb\u00e4ttringar och vinster.<\/p>\n<\/div><\/div><\/div><\/div><\/div><\/div><\/div><div class=\"w-separator size_small\"><\/div><div class=\"w-html\"><iframe src=\"https:\/\/app.assessmentgenerator.com\/assessment\/19170\" scrolling=\"no\" style=\"width:100%; height:500px;\"><\/iframe><\/div><\/div><\/div><div class=\"wpb_column vc_column_container\"><div class=\"vc_column-inner\"><\/div><\/div><\/div><\/div><\/section>\n","protected":false},"excerpt":{"rendered":"Avtalshantering Utv\u00e4rdering Nyfiken p\u00e5 statusen f\u00f6r din avtalshantering? Svara p\u00e5 11 enkla fr\u00e5gor och f\u00e5 en \u00f6gonblicksbild av din organisations avtalshantering. Resultaten presenteras i en rapport tillsammans med f\u00f6rb\u00e4ttringsf\u00f6rslag. live_helpDetaljer om utv\u00e4rderingenInledning Detta \u00e4r en \u00f6vergripande sj\u00e4lvutv\u00e4rdering som kommer att ge er en insikt i hur er avtalshantering fungerar j\u00e4mf\u00f6rt med best practice och j\u00e4mf\u00f6rt...","protected":false},"author":1,"featured_media":350,"parent":0,"menu_order":0,"comment_status":"closed","ping_status":"closed","template":"","meta":{"_acf_changed":false,"content-type":"","footnotes":""},"class_list":["post-290","page","type-page","status-publish","has-post-thumbnail","hentry"],"acf":[],"yoast_head":"<!-- This site is optimized with the Yoast SEO plugin v27.2 - https:\/\/yoast.com\/product\/yoast-seo-wordpress\/ -->\n<title>G\u00f6r v\u00e5r utv\u00e4rdering av din avtalshantering - Tagd<\/title>\n<meta name=\"description\" content=\"F\u00e5 en \u00f6gonblicksbild av din organisations avtalshantering. Resultaten presenteras i en rapport tillsammans med f\u00f6rb\u00e4ttringsf\u00f6rslag.\" \/>\n<meta name=\"robots\" content=\"index, follow, max-snippet:-1, max-image-preview:large, max-video-preview:-1\" \/>\n<link rel=\"canonical\" href=\"https:\/\/tagd.ai\/sv\/utvardering\/\" \/>\n<meta property=\"og:locale\" content=\"sv_SE\" \/>\n<meta property=\"og:type\" content=\"article\" \/>\n<meta property=\"og:title\" content=\"G\u00f6r v\u00e5r utv\u00e4rdering av din avtalshantering - Tagd\" \/>\n<meta property=\"og:description\" content=\"F\u00e5 en \u00f6gonblicksbild av din organisations avtalshantering. Resultaten presenteras i en rapport tillsammans med f\u00f6rb\u00e4ttringsf\u00f6rslag.\" \/>\n<meta property=\"og:url\" content=\"https:\/\/tagd.ai\/sv\/utvardering\/\" \/>\n<meta property=\"og:site_name\" content=\"Tagd\" \/>\n<meta property=\"article:modified_time\" content=\"2023-03-25T10:20:16+00:00\" \/>\n<meta property=\"og:image\" content=\"https:\/\/tagd.ai\/wp-content\/uploads\/2023\/02\/utvardering-avtalshantering-og.png\" \/>\n\t<meta property=\"og:image:width\" content=\"1200\" \/>\n\t<meta property=\"og:image:height\" content=\"630\" \/>\n\t<meta property=\"og:image:type\" content=\"image\/png\" \/>\n<meta name=\"twitter:card\" content=\"summary_large_image\" \/>\n<meta name=\"twitter:image\" content=\"https:\/\/tagd.ai\/wp-content\/uploads\/2023\/02\/utvardering-avtalshantering-og.png\" \/>\n<script type=\"application\/ld+json\" class=\"yoast-schema-graph\">{\"@context\":\"https:\/\/schema.org\",\"@graph\":[{\"@type\":\"WebPage\",\"@id\":\"https:\/\/tagd.ai\/sv\/utvardering\/\",\"url\":\"https:\/\/tagd.ai\/sv\/utvardering\/\",\"name\":\"G\u00f6r v\u00e5r utv\u00e4rdering av din avtalshantering - Tagd\",\"isPartOf\":{\"@id\":\"https:\/\/tagd.ai\/sv\/#website\"},\"primaryImageOfPage\":{\"@id\":\"https:\/\/tagd.ai\/sv\/utvardering\/#primaryimage\"},\"image\":{\"@id\":\"https:\/\/tagd.ai\/sv\/utvardering\/#primaryimage\"},\"thumbnailUrl\":\"https:\/\/tagd.ai\/wp-content\/uploads\/2023\/03\/self-assesment-grid.png\",\"datePublished\":\"2023-02-10T15:29:30+00:00\",\"dateModified\":\"2023-03-25T10:20:16+00:00\",\"description\":\"F\u00e5 en \u00f6gonblicksbild av din organisations avtalshantering. Resultaten presenteras i en rapport tillsammans med f\u00f6rb\u00e4ttringsf\u00f6rslag.\",\"breadcrumb\":{\"@id\":\"https:\/\/tagd.ai\/sv\/utvardering\/#breadcrumb\"},\"inLanguage\":\"sv-SE\",\"potentialAction\":[{\"@type\":\"ReadAction\",\"target\":[\"https:\/\/tagd.ai\/sv\/utvardering\/\"]}]},{\"@type\":\"ImageObject\",\"inLanguage\":\"sv-SE\",\"@id\":\"https:\/\/tagd.ai\/sv\/utvardering\/#primaryimage\",\"url\":\"https:\/\/tagd.ai\/wp-content\/uploads\/2023\/03\/self-assesment-grid.png\",\"contentUrl\":\"https:\/\/tagd.ai\/wp-content\/uploads\/2023\/03\/self-assesment-grid.png\",\"width\":900,\"height\":506},{\"@type\":\"BreadcrumbList\",\"@id\":\"https:\/\/tagd.ai\/sv\/utvardering\/#breadcrumb\",\"itemListElement\":[{\"@type\":\"ListItem\",\"position\":1,\"name\":\"Home\",\"item\":\"https:\/\/tagd.ai\/sv\/\"},{\"@type\":\"ListItem\",\"position\":2,\"name\":\"Utv\u00e4rdera din Avtalshantering och f\u00e5 en rapport\"}]},{\"@type\":\"WebSite\",\"@id\":\"https:\/\/tagd.ai\/sv\/#website\",\"url\":\"https:\/\/tagd.ai\/sv\/\",\"name\":\"Tagd\",\"description\":\"\",\"publisher\":{\"@id\":\"https:\/\/tagd.ai\/sv\/#organization\"},\"potentialAction\":[{\"@type\":\"SearchAction\",\"target\":{\"@type\":\"EntryPoint\",\"urlTemplate\":\"https:\/\/tagd.ai\/sv\/?s={search_term_string}\"},\"query-input\":{\"@type\":\"PropertyValueSpecification\",\"valueRequired\":true,\"valueName\":\"search_term_string\"}}],\"inLanguage\":\"sv-SE\"},{\"@type\":\"Organization\",\"@id\":\"https:\/\/tagd.ai\/sv\/#organization\",\"name\":\"Tagd\",\"url\":\"https:\/\/tagd.ai\/sv\/\",\"logo\":{\"@type\":\"ImageObject\",\"inLanguage\":\"sv-SE\",\"@id\":\"https:\/\/tagd.ai\/sv\/#\/schema\/logo\/image\/\",\"url\":\"https:\/\/tagd.ai\/wp-content\/uploads\/2022\/10\/Logo-Tagd.png\",\"contentUrl\":\"https:\/\/tagd.ai\/wp-content\/uploads\/2022\/10\/Logo-Tagd.png\",\"width\":508,\"height\":279,\"caption\":\"Tagd\"},\"image\":{\"@id\":\"https:\/\/tagd.ai\/sv\/#\/schema\/logo\/image\/\"}}]}<\/script>\n<!-- \/ Yoast SEO plugin. -->","yoast_head_json":{"title":"G\u00f6r v\u00e5r utv\u00e4rdering av din avtalshantering - Tagd","description":"F\u00e5 en \u00f6gonblicksbild av din organisations avtalshantering. Resultaten presenteras i en rapport tillsammans med f\u00f6rb\u00e4ttringsf\u00f6rslag.","robots":{"index":"index","follow":"follow","max-snippet":"max-snippet:-1","max-image-preview":"max-image-preview:large","max-video-preview":"max-video-preview:-1"},"canonical":"https:\/\/tagd.ai\/sv\/utvardering\/","og_locale":"sv_SE","og_type":"article","og_title":"G\u00f6r v\u00e5r utv\u00e4rdering av din avtalshantering - Tagd","og_description":"F\u00e5 en \u00f6gonblicksbild av din organisations avtalshantering. Resultaten presenteras i en rapport tillsammans med f\u00f6rb\u00e4ttringsf\u00f6rslag.","og_url":"https:\/\/tagd.ai\/sv\/utvardering\/","og_site_name":"Tagd","article_modified_time":"2023-03-25T10:20:16+00:00","og_image":[{"width":1200,"height":630,"url":"https:\/\/tagd.ai\/wp-content\/uploads\/2023\/02\/utvardering-avtalshantering-og.png","type":"image\/png"}],"twitter_card":"summary_large_image","twitter_image":"https:\/\/tagd.ai\/wp-content\/uploads\/2023\/02\/utvardering-avtalshantering-og.png","schema":{"@context":"https:\/\/schema.org","@graph":[{"@type":"WebPage","@id":"https:\/\/tagd.ai\/sv\/utvardering\/","url":"https:\/\/tagd.ai\/sv\/utvardering\/","name":"G\u00f6r v\u00e5r utv\u00e4rdering av din avtalshantering - Tagd","isPartOf":{"@id":"https:\/\/tagd.ai\/sv\/#website"},"primaryImageOfPage":{"@id":"https:\/\/tagd.ai\/sv\/utvardering\/#primaryimage"},"image":{"@id":"https:\/\/tagd.ai\/sv\/utvardering\/#primaryimage"},"thumbnailUrl":"https:\/\/tagd.ai\/wp-content\/uploads\/2023\/03\/self-assesment-grid.png","datePublished":"2023-02-10T15:29:30+00:00","dateModified":"2023-03-25T10:20:16+00:00","description":"F\u00e5 en \u00f6gonblicksbild av din organisations avtalshantering. Resultaten presenteras i en rapport tillsammans med f\u00f6rb\u00e4ttringsf\u00f6rslag.","breadcrumb":{"@id":"https:\/\/tagd.ai\/sv\/utvardering\/#breadcrumb"},"inLanguage":"sv-SE","potentialAction":[{"@type":"ReadAction","target":["https:\/\/tagd.ai\/sv\/utvardering\/"]}]},{"@type":"ImageObject","inLanguage":"sv-SE","@id":"https:\/\/tagd.ai\/sv\/utvardering\/#primaryimage","url":"https:\/\/tagd.ai\/wp-content\/uploads\/2023\/03\/self-assesment-grid.png","contentUrl":"https:\/\/tagd.ai\/wp-content\/uploads\/2023\/03\/self-assesment-grid.png","width":900,"height":506},{"@type":"BreadcrumbList","@id":"https:\/\/tagd.ai\/sv\/utvardering\/#breadcrumb","itemListElement":[{"@type":"ListItem","position":1,"name":"Home","item":"https:\/\/tagd.ai\/sv\/"},{"@type":"ListItem","position":2,"name":"Utv\u00e4rdera din Avtalshantering och f\u00e5 en rapport"}]},{"@type":"WebSite","@id":"https:\/\/tagd.ai\/sv\/#website","url":"https:\/\/tagd.ai\/sv\/","name":"Tagd","description":"","publisher":{"@id":"https:\/\/tagd.ai\/sv\/#organization"},"potentialAction":[{"@type":"SearchAction","target":{"@type":"EntryPoint","urlTemplate":"https:\/\/tagd.ai\/sv\/?s={search_term_string}"},"query-input":{"@type":"PropertyValueSpecification","valueRequired":true,"valueName":"search_term_string"}}],"inLanguage":"sv-SE"},{"@type":"Organization","@id":"https:\/\/tagd.ai\/sv\/#organization","name":"Tagd","url":"https:\/\/tagd.ai\/sv\/","logo":{"@type":"ImageObject","inLanguage":"sv-SE","@id":"https:\/\/tagd.ai\/sv\/#\/schema\/logo\/image\/","url":"https:\/\/tagd.ai\/wp-content\/uploads\/2022\/10\/Logo-Tagd.png","contentUrl":"https:\/\/tagd.ai\/wp-content\/uploads\/2022\/10\/Logo-Tagd.png","width":508,"height":279,"caption":"Tagd"},"image":{"@id":"https:\/\/tagd.ai\/sv\/#\/schema\/logo\/image\/"}}]}},"featured_image_src":"https:\/\/tagd.ai\/wp-content\/uploads\/2023\/03\/self-assesment-grid-600x400.png","featured_image_src_square":"https:\/\/tagd.ai\/wp-content\/uploads\/2023\/03\/self-assesment-grid-600x506.png","_links":{"self":[{"href":"https:\/\/tagd.ai\/sv\/wp-json\/wp\/v2\/pages\/290","targetHints":{"allow":["GET"]}}],"collection":[{"href":"https:\/\/tagd.ai\/sv\/wp-json\/wp\/v2\/pages"}],"about":[{"href":"https:\/\/tagd.ai\/sv\/wp-json\/wp\/v2\/types\/page"}],"author":[{"embeddable":true,"href":"https:\/\/tagd.ai\/sv\/wp-json\/wp\/v2\/users\/1"}],"replies":[{"embeddable":true,"href":"https:\/\/tagd.ai\/sv\/wp-json\/wp\/v2\/comments?post=290"}],"version-history":[{"count":0,"href":"https:\/\/tagd.ai\/sv\/wp-json\/wp\/v2\/pages\/290\/revisions"}],"wp:featuredmedia":[{"embeddable":true,"href":"https:\/\/tagd.ai\/sv\/wp-json\/wp\/v2\/media\/350"}],"wp:attachment":[{"href":"https:\/\/tagd.ai\/sv\/wp-json\/wp\/v2\/media?parent=290"}],"curies":[{"name":"wp","href":"https:\/\/api.w.org\/{rel}","templated":true}]}}