{"id":265,"date":"2022-10-24T18:48:23","date_gmt":"2022-10-24T16:48:23","guid":{"rendered":"https:\/\/tagd.ai\/kontakt\/"},"modified":"2025-06-16T10:28:06","modified_gmt":"2025-06-16T08:28:06","slug":"kontakt","status":"publish","type":"page","link":"https:\/\/tagd.ai\/sv\/kontakt\/","title":{"rendered":"Kontakt"},"content":{"rendered":"<section class=\"l-section wpb_row height_medium full_height valign_center width_custom with_img\" style=\"--site-content-width:1540px;\"><div class=\"l-section-img\" role=\"img\" aria-label=\"Bild\" data-img-width=\"247\" data-img-height=\"544\" style=\"background-image: url(https:\/\/tagd.ai\/wp-content\/uploads\/2022\/10\/tagd-bot-corner.png);background-position: bottom right;background-repeat: no-repeat;background-size: auto;\"><\/div><div class=\"l-section-h i-cf\"><div class=\"g-cols vc_row via_grid cols_1-4-1 laptops-cols_inherit tablets-cols_inherit mobiles-cols_1 valign_top type_default stacking_default\"><div class=\"wpb_column vc_column_container\"><div class=\"vc_column-inner\"><\/div><\/div><div class=\"wpb_column vc_column_container us_custom_65ffad45 has_bg_color\"><div class=\"vc_column-inner\"><div class=\"wpb_text_column us_custom_f180d122 us_animate_this\"><div class=\"wpb_wrapper\"><h1><span class=\"hli\">Kontakta oss<br \/>\n<\/span><\/h1>\n<p>Fyll i formul\u00e4ret s\u00e5 \u00e5terkommer vi <strong>s\u00e5 snart vi kan.<\/strong><\/p>\n<p>Du kan ocks\u00e5 skicka ett gammalt hederligt mejl till <strong><a href=\"mailto:hello@tagd.ai\">hello@tagd.ai<\/a><\/strong><\/p>\n<\/div><\/div><div class=\"w-separator size_small\"><\/div><div class=\"w-html us_custom_af99d3c9 us_animate_this\"><script src=\"https:\/\/js-eu1.hsforms.net\/forms\/embed\/145680495.js\" defer><\/script>\n<div class=\"hs-form-frame\" data-region=\"eu1\" data-form-id=\"57facb2d-d83f-47ef-87a6-c5d69ba811c9\" data-portal-id=\"145680495\"><\/div><\/div><\/div><\/div><div class=\"wpb_column vc_column_container\"><div class=\"vc_column-inner\"><\/div><\/div><\/div><\/div><\/section>\n","protected":false},"excerpt":{"rendered":"Kontakta oss Fyll i formul\u00e4ret s\u00e5 \u00e5terkommer vi s\u00e5 snart vi kan. Du kan ocks\u00e5 skicka ett gammalt hederligt mejl till hello@tagd.ai","protected":false},"author":1,"featured_media":0,"parent":0,"menu_order":0,"comment_status":"closed","ping_status":"closed","template":"","meta":{"_acf_changed":false,"content-type":"","footnotes":""},"class_list":["post-265","page","type-page","status-publish","hentry"],"acf":[],"yoast_head":"<!-- This site is optimized with the Yoast SEO plugin v27.2 - https:\/\/yoast.com\/product\/yoast-seo-wordpress\/ -->\n<title>Kontakta oss om v\u00e5rt system f\u00f6r avtalshantering<\/title>\n<meta name=\"description\" content=\"Har du fr\u00e5gor om Tagd? Vill du veta mer om hur du kan s\u00e4tta din avtalshantering p\u00e5 autopilot?\" \/>\n<meta name=\"robots\" content=\"index, follow, max-snippet:-1, max-image-preview:large, max-video-preview:-1\" \/>\n<link rel=\"canonical\" href=\"https:\/\/tagd.ai\/sv\/kontakt\/\" \/>\n<meta property=\"og:locale\" content=\"sv_SE\" \/>\n<meta property=\"og:type\" content=\"article\" \/>\n<meta property=\"og:title\" content=\"Kontakta oss om v\u00e5rt system f\u00f6r avtalshantering\" \/>\n<meta property=\"og:description\" content=\"Har du fr\u00e5gor om Tagd? Vill du veta mer om hur du kan s\u00e4tta din avtalshantering p\u00e5 autopilot?\" \/>\n<meta property=\"og:url\" content=\"https:\/\/tagd.ai\/sv\/kontakt\/\" \/>\n<meta property=\"og:site_name\" content=\"Tagd\" \/>\n<meta property=\"article:modified_time\" content=\"2025-06-16T08:28:06+00:00\" \/>\n<meta property=\"og:image\" content=\"https:\/\/tagd.ai\/wp-content\/uploads\/2023\/02\/kontakt-Tagd-og.png\" \/>\n\t<meta property=\"og:image:width\" content=\"1200\" \/>\n\t<meta property=\"og:image:height\" content=\"630\" \/>\n\t<meta property=\"og:image:type\" content=\"image\/png\" \/>\n<meta name=\"twitter:card\" content=\"summary_large_image\" \/>\n<meta name=\"twitter:image\" content=\"https:\/\/tagd.ai\/wp-content\/uploads\/2023\/02\/kontakt-Tagd-og.png\" \/>\n<script type=\"application\/ld+json\" class=\"yoast-schema-graph\">{\"@context\":\"https:\/\/schema.org\",\"@graph\":[{\"@type\":\"WebPage\",\"@id\":\"https:\/\/tagd.ai\/sv\/kontakt\/\",\"url\":\"https:\/\/tagd.ai\/sv\/kontakt\/\",\"name\":\"Kontakta oss om v\u00e5rt system f\u00f6r avtalshantering\",\"isPartOf\":{\"@id\":\"https:\/\/tagd.ai\/sv\/#website\"},\"datePublished\":\"2022-10-24T16:48:23+00:00\",\"dateModified\":\"2025-06-16T08:28:06+00:00\",\"description\":\"Har du fr\u00e5gor om Tagd? Vill du veta mer om hur du kan s\u00e4tta din avtalshantering p\u00e5 autopilot?\",\"breadcrumb\":{\"@id\":\"https:\/\/tagd.ai\/sv\/kontakt\/#breadcrumb\"},\"inLanguage\":\"sv-SE\",\"potentialAction\":[{\"@type\":\"ReadAction\",\"target\":[\"https:\/\/tagd.ai\/sv\/kontakt\/\"]}]},{\"@type\":\"BreadcrumbList\",\"@id\":\"https:\/\/tagd.ai\/sv\/kontakt\/#breadcrumb\",\"itemListElement\":[{\"@type\":\"ListItem\",\"position\":1,\"name\":\"Home\",\"item\":\"https:\/\/tagd.ai\/sv\/\"},{\"@type\":\"ListItem\",\"position\":2,\"name\":\"Kontakt\"}]},{\"@type\":\"WebSite\",\"@id\":\"https:\/\/tagd.ai\/sv\/#website\",\"url\":\"https:\/\/tagd.ai\/sv\/\",\"name\":\"Tagd\",\"description\":\"\",\"publisher\":{\"@id\":\"https:\/\/tagd.ai\/sv\/#organization\"},\"potentialAction\":[{\"@type\":\"SearchAction\",\"target\":{\"@type\":\"EntryPoint\",\"urlTemplate\":\"https:\/\/tagd.ai\/sv\/?s={search_term_string}\"},\"query-input\":{\"@type\":\"PropertyValueSpecification\",\"valueRequired\":true,\"valueName\":\"search_term_string\"}}],\"inLanguage\":\"sv-SE\"},{\"@type\":\"Organization\",\"@id\":\"https:\/\/tagd.ai\/sv\/#organization\",\"name\":\"Tagd\",\"url\":\"https:\/\/tagd.ai\/sv\/\",\"logo\":{\"@type\":\"ImageObject\",\"inLanguage\":\"sv-SE\",\"@id\":\"https:\/\/tagd.ai\/sv\/#\/schema\/logo\/image\/\",\"url\":\"https:\/\/tagd.ai\/wp-content\/uploads\/2022\/10\/Logo-Tagd.png\",\"contentUrl\":\"https:\/\/tagd.ai\/wp-content\/uploads\/2022\/10\/Logo-Tagd.png\",\"width\":508,\"height\":279,\"caption\":\"Tagd\"},\"image\":{\"@id\":\"https:\/\/tagd.ai\/sv\/#\/schema\/logo\/image\/\"}}]}<\/script>\n<!-- \/ Yoast SEO plugin. -->","yoast_head_json":{"title":"Kontakta oss om v\u00e5rt system f\u00f6r avtalshantering","description":"Har du fr\u00e5gor om Tagd? Vill du veta mer om hur du kan s\u00e4tta din avtalshantering p\u00e5 autopilot?","robots":{"index":"index","follow":"follow","max-snippet":"max-snippet:-1","max-image-preview":"max-image-preview:large","max-video-preview":"max-video-preview:-1"},"canonical":"https:\/\/tagd.ai\/sv\/kontakt\/","og_locale":"sv_SE","og_type":"article","og_title":"Kontakta oss om v\u00e5rt system f\u00f6r avtalshantering","og_description":"Har du fr\u00e5gor om Tagd? Vill du veta mer om hur du kan s\u00e4tta din avtalshantering p\u00e5 autopilot?","og_url":"https:\/\/tagd.ai\/sv\/kontakt\/","og_site_name":"Tagd","article_modified_time":"2025-06-16T08:28:06+00:00","og_image":[{"width":1200,"height":630,"url":"https:\/\/tagd.ai\/wp-content\/uploads\/2023\/02\/kontakt-Tagd-og.png","type":"image\/png"}],"twitter_card":"summary_large_image","twitter_image":"https:\/\/tagd.ai\/wp-content\/uploads\/2023\/02\/kontakt-Tagd-og.png","schema":{"@context":"https:\/\/schema.org","@graph":[{"@type":"WebPage","@id":"https:\/\/tagd.ai\/sv\/kontakt\/","url":"https:\/\/tagd.ai\/sv\/kontakt\/","name":"Kontakta oss om v\u00e5rt system f\u00f6r avtalshantering","isPartOf":{"@id":"https:\/\/tagd.ai\/sv\/#website"},"datePublished":"2022-10-24T16:48:23+00:00","dateModified":"2025-06-16T08:28:06+00:00","description":"Har du fr\u00e5gor om Tagd? Vill du veta mer om hur du kan s\u00e4tta din avtalshantering p\u00e5 autopilot?","breadcrumb":{"@id":"https:\/\/tagd.ai\/sv\/kontakt\/#breadcrumb"},"inLanguage":"sv-SE","potentialAction":[{"@type":"ReadAction","target":["https:\/\/tagd.ai\/sv\/kontakt\/"]}]},{"@type":"BreadcrumbList","@id":"https:\/\/tagd.ai\/sv\/kontakt\/#breadcrumb","itemListElement":[{"@type":"ListItem","position":1,"name":"Home","item":"https:\/\/tagd.ai\/sv\/"},{"@type":"ListItem","position":2,"name":"Kontakt"}]},{"@type":"WebSite","@id":"https:\/\/tagd.ai\/sv\/#website","url":"https:\/\/tagd.ai\/sv\/","name":"Tagd","description":"","publisher":{"@id":"https:\/\/tagd.ai\/sv\/#organization"},"potentialAction":[{"@type":"SearchAction","target":{"@type":"EntryPoint","urlTemplate":"https:\/\/tagd.ai\/sv\/?s={search_term_string}"},"query-input":{"@type":"PropertyValueSpecification","valueRequired":true,"valueName":"search_term_string"}}],"inLanguage":"sv-SE"},{"@type":"Organization","@id":"https:\/\/tagd.ai\/sv\/#organization","name":"Tagd","url":"https:\/\/tagd.ai\/sv\/","logo":{"@type":"ImageObject","inLanguage":"sv-SE","@id":"https:\/\/tagd.ai\/sv\/#\/schema\/logo\/image\/","url":"https:\/\/tagd.ai\/wp-content\/uploads\/2022\/10\/Logo-Tagd.png","contentUrl":"https:\/\/tagd.ai\/wp-content\/uploads\/2022\/10\/Logo-Tagd.png","width":508,"height":279,"caption":"Tagd"},"image":{"@id":"https:\/\/tagd.ai\/sv\/#\/schema\/logo\/image\/"}}]}},"featured_image_src":null,"featured_image_src_square":null,"_links":{"self":[{"href":"https:\/\/tagd.ai\/sv\/wp-json\/wp\/v2\/pages\/265","targetHints":{"allow":["GET"]}}],"collection":[{"href":"https:\/\/tagd.ai\/sv\/wp-json\/wp\/v2\/pages"}],"about":[{"href":"https:\/\/tagd.ai\/sv\/wp-json\/wp\/v2\/types\/page"}],"author":[{"embeddable":true,"href":"https:\/\/tagd.ai\/sv\/wp-json\/wp\/v2\/users\/1"}],"replies":[{"embeddable":true,"href":"https:\/\/tagd.ai\/sv\/wp-json\/wp\/v2\/comments?post=265"}],"version-history":[{"count":0,"href":"https:\/\/tagd.ai\/sv\/wp-json\/wp\/v2\/pages\/265\/revisions"}],"wp:attachment":[{"href":"https:\/\/tagd.ai\/sv\/wp-json\/wp\/v2\/media?parent=265"}],"curies":[{"name":"wp","href":"https:\/\/api.w.org\/{rel}","templated":true}]}}